{"id":831,"date":"2020-03-24T08:18:53","date_gmt":"2020-03-24T07:18:53","guid":{"rendered":"https:\/\/www.steirische-harmonika-noten.at\/griffschrift-online-shop\/?post_type=product&#038;p=831"},"modified":"2026-04-13T07:41:11","modified_gmt":"2026-04-13T05:41:11","slug":"lustige-schnadahuepfl-walzer","status":"publish","type":"product","link":"https:\/\/www.steirische-harmonika-noten.at\/griffschrift-online-shop\/produkt\/lustige-schnadahuepfl-walzer\/","title":{"rendered":"Lustige Schnadah\u00fcpfl (Walzer)"},"content":{"rendered":"<p>12008NN Lustige Schnadah\u00fcpfl (Walzer) &#8211; 1 Seite &#8211; Inkl. Text (3+4R)<\/p>\n<p><strong><span style=\"color: #0000ff;\">Jetzt anh\u00f6ren: &gt;&gt;&gt;KLICK&gt;&gt;&gt;<\/span> <span style=\"color: #ff0000;\"><a href=\"https:\/\/www.steirische-harmonika-noten.at\/griffschrift-shop\/mp3.songs\/12008NN Lustige Schnadahuepfl - 3 Reihige - (Walzer) - 1 Seite - Inkl Text.mp3\" target=\"_blank\" rel=\"noopener noreferrer\">Lustige Schnadah\u00fcpfl<\/a><\/span><\/strong><\/p>\n<figure id=\"attachment_832\" aria-describedby=\"caption-attachment-832\" style=\"width: 300px\" class=\"wp-caption alignleft\"><a href=\"https:\/\/www.steirische-harmonika-noten.at\/griffschrift-online-shop\/wp-content\/uploads\/2020\/03\/Lustige-Schnadahuepfl-Ausschnitt.png\" target=\"_blank\" rel=\"noopener noreferrer\"><img loading=\"lazy\" decoding=\"async\" class=\"wp-image-832 size-medium\" src=\"https:\/\/www.steirische-harmonika-noten.at\/griffschrift-online-shop\/wp-content\/uploads\/2020\/03\/Lustige-Schnadahuepfl-Ausschnitt-300x192.png\" alt=\"\" width=\"300\" height=\"192\" srcset=\"https:\/\/www.steirische-harmonika-noten.at\/griffschrift-online-shop\/wp-content\/uploads\/2020\/03\/Lustige-Schnadahuepfl-Ausschnitt-300x192.png 300w, https:\/\/www.steirische-harmonika-noten.at\/griffschrift-online-shop\/wp-content\/uploads\/2020\/03\/Lustige-Schnadahuepfl-Ausschnitt-200x128.png 200w, https:\/\/www.steirische-harmonika-noten.at\/griffschrift-online-shop\/wp-content\/uploads\/2020\/03\/Lustige-Schnadahuepfl-Ausschnitt-1024x654.png 1024w, https:\/\/www.steirische-harmonika-noten.at\/griffschrift-online-shop\/wp-content\/uploads\/2020\/03\/Lustige-Schnadahuepfl-Ausschnitt-768x491.png 768w, https:\/\/www.steirische-harmonika-noten.at\/griffschrift-online-shop\/wp-content\/uploads\/2020\/03\/Lustige-Schnadahuepfl-Ausschnitt-1536x981.png 1536w, https:\/\/www.steirische-harmonika-noten.at\/griffschrift-online-shop\/wp-content\/uploads\/2020\/03\/Lustige-Schnadahuepfl-Ausschnitt.png 2048w\" sizes=\"auto, (max-width: 300px) 100vw, 300px\" \/><\/a><figcaption id=\"caption-attachment-832\" class=\"wp-caption-text\">Klicke auf das Bild, um es zu vergr\u00f6ssern<\/figcaption><\/figure>\n","protected":false},"excerpt":{"rendered":"<p>12008NN Lustige Schnadah\u00fcpfl (Walzer) &#8211; 1 Seite &#8211; Inkl. Text (3+4R) Jetzt anh\u00f6ren: &gt;&gt;&gt;KLICK&gt;&gt;&gt; Lustige Schnadah\u00fcpfl<\/p>\n","protected":false},"featured_media":0,"comment_status":"closed","ping_status":"closed","template":"","meta":[],"product_brand":[],"product_cat":[36],"product_tag":[335],"class_list":{"0":"post-831","1":"product","2":"type-product","3":"status-publish","5":"product_cat-gratis-noten","6":"product_tag-lustige-schnadahuepfl-walzer","8":"first","9":"instock","10":"downloadable","11":"virtual","12":"sold-individually","13":"purchasable","14":"product-type-simple"},"aioseo_notices":[],"_links":{"self":[{"href":"https:\/\/www.steirische-harmonika-noten.at\/griffschrift-online-shop\/wp-json\/wp\/v2\/product\/831","targetHints":{"allow":["GET"]}}],"collection":[{"href":"https:\/\/www.steirische-harmonika-noten.at\/griffschrift-online-shop\/wp-json\/wp\/v2\/product"}],"about":[{"href":"https:\/\/www.steirische-harmonika-noten.at\/griffschrift-online-shop\/wp-json\/wp\/v2\/types\/product"}],"replies":[{"embeddable":true,"href":"https:\/\/www.steirische-harmonika-noten.at\/griffschrift-online-shop\/wp-json\/wp\/v2\/comments?post=831"}],"wp:attachment":[{"href":"https:\/\/www.steirische-harmonika-noten.at\/griffschrift-online-shop\/wp-json\/wp\/v2\/media?parent=831"}],"wp:term":[{"taxonomy":"product_brand","embeddable":true,"href":"https:\/\/www.steirische-harmonika-noten.at\/griffschrift-online-shop\/wp-json\/wp\/v2\/product_brand?post=831"},{"taxonomy":"product_cat","embeddable":true,"href":"https:\/\/www.steirische-harmonika-noten.at\/griffschrift-online-shop\/wp-json\/wp\/v2\/product_cat?post=831"},{"taxonomy":"product_tag","embeddable":true,"href":"https:\/\/www.steirische-harmonika-noten.at\/griffschrift-online-shop\/wp-json\/wp\/v2\/product_tag?post=831"}],"curies":[{"name":"wp","href":"https:\/\/api.w.org\/{rel}","templated":true}]}}