{"id":740,"date":"2020-03-23T15:38:10","date_gmt":"2020-03-23T14:38:10","guid":{"rendered":"https:\/\/www.steirische-harmonika-noten.at\/griffschrift-online-shop\/?post_type=product&#038;p=740"},"modified":"2026-03-16T12:21:42","modified_gmt":"2026-03-16T11:21:42","slug":"gruss-aus-baernbach-walzer-2-harmonikas","status":"publish","type":"product","link":"https:\/\/www.steirische-harmonika-noten.at\/griffschrift-online-shop\/produkt\/gruss-aus-baernbach-walzer-2-harmonikas\/","title":{"rendered":"Gru\u00df aus B\u00e4rnbach (Walzer) 2 Harmonikas"},"content":{"rendered":"<p>07003NN1 Gru\u00df aus B\u00e4rnbach (Walzer)<br \/>\n2 Harmonikas &#8211; 4 Seiten &#8211; Ohne Text (3+4R)<\/p>\n<p><span style=\"color: #0000ff;\"><span style=\"color: #000000;\">1.Stimme: <strong><span style=\"color: #0000ff;\">Jetzt anh\u00f6ren: &gt;&gt;&gt;KLICK&gt;&gt;&gt;<\/span> <span style=\"color: #ff0000;\"><a href=\"https:\/\/www.steirische-harmonika-noten.at\/griffschrift-shop\/mp3.songs\/07003NN Gru\u00df aus Baernbach - 2 Harmonikas - Stimme 1.mp3\" target=\"_blank\" rel=\"noopener noreferrer\">Gru\u00df aus B\u00e4rnbach<\/a><\/span><\/strong><\/span><\/span><\/p>\n<figure id=\"attachment_741\" aria-describedby=\"caption-attachment-741\" style=\"width: 300px\" class=\"wp-caption alignleft\"><a href=\"https:\/\/www.steirische-harmonika-noten.at\/griffschrift-online-shop\/wp-content\/uploads\/2020\/03\/Gruss-aus-Baernbach-Ausschnitt-1.png\" target=\"_blank\" rel=\"noopener noreferrer\"><img loading=\"lazy\" decoding=\"async\" class=\"wp-image-741 size-medium\" src=\"https:\/\/www.steirische-harmonika-noten.at\/griffschrift-online-shop\/wp-content\/uploads\/2020\/03\/Gruss-aus-Baernbach-Ausschnitt-1-300x220.png\" alt=\"\" width=\"300\" height=\"220\" srcset=\"https:\/\/www.steirische-harmonika-noten.at\/griffschrift-online-shop\/wp-content\/uploads\/2020\/03\/Gruss-aus-Baernbach-Ausschnitt-1-300x220.png 300w, https:\/\/www.steirische-harmonika-noten.at\/griffschrift-online-shop\/wp-content\/uploads\/2020\/03\/Gruss-aus-Baernbach-Ausschnitt-1-200x146.png 200w, https:\/\/www.steirische-harmonika-noten.at\/griffschrift-online-shop\/wp-content\/uploads\/2020\/03\/Gruss-aus-Baernbach-Ausschnitt-1-1024x750.png 1024w, https:\/\/www.steirische-harmonika-noten.at\/griffschrift-online-shop\/wp-content\/uploads\/2020\/03\/Gruss-aus-Baernbach-Ausschnitt-1-768x563.png 768w, https:\/\/www.steirische-harmonika-noten.at\/griffschrift-online-shop\/wp-content\/uploads\/2020\/03\/Gruss-aus-Baernbach-Ausschnitt-1-1536x1125.png 1536w, https:\/\/www.steirische-harmonika-noten.at\/griffschrift-online-shop\/wp-content\/uploads\/2020\/03\/Gruss-aus-Baernbach-Ausschnitt-1.png 2048w\" sizes=\"auto, (max-width: 300px) 100vw, 300px\" \/><\/a><figcaption id=\"caption-attachment-741\" class=\"wp-caption-text\">Klicke auf das Bild, um es zu vergr\u00f6ssern<\/figcaption><\/figure>\n<p>&nbsp;<\/p>\n<p>&nbsp;<\/p>\n<p>&nbsp;<\/p>\n<p>&nbsp;<\/p>\n<p>&nbsp;<\/p>\n<p>&nbsp;<\/p>\n<p>2.Stimme: <strong><span style=\"color: #0000ff;\">Jetzt anh\u00f6ren: &gt;&gt;&gt;KLICK&gt;&gt;&gt;<\/span> <span style=\"color: #ff0000;\"><a href=\"https:\/\/www.steirische-harmonika-noten.at\/griffschrift-shop\/mp3.songs\/07003NN Gru\u00df aus Baernbach - 2 Harmonikas - Stimme 2.mp3\" target=\"_blank\" rel=\"noopener noreferrer\">Gru\u00df aus B\u00e4rnbach<\/a><\/span><\/strong><\/p>\n<figure id=\"attachment_742\" aria-describedby=\"caption-attachment-742\" style=\"width: 300px\" class=\"wp-caption alignleft\"><a href=\"https:\/\/www.steirische-harmonika-noten.at\/griffschrift-online-shop\/wp-content\/uploads\/2020\/03\/Gruss-aus-Baernbach-Ausschnitt-2.png\" target=\"_blank\" rel=\"noopener noreferrer\"><img loading=\"lazy\" decoding=\"async\" class=\"wp-image-742 size-medium\" src=\"https:\/\/www.steirische-harmonika-noten.at\/griffschrift-online-shop\/wp-content\/uploads\/2020\/03\/Gruss-aus-Baernbach-Ausschnitt-2-300x205.png\" alt=\"\" width=\"300\" height=\"205\" srcset=\"https:\/\/www.steirische-harmonika-noten.at\/griffschrift-online-shop\/wp-content\/uploads\/2020\/03\/Gruss-aus-Baernbach-Ausschnitt-2-300x205.png 300w, https:\/\/www.steirische-harmonika-noten.at\/griffschrift-online-shop\/wp-content\/uploads\/2020\/03\/Gruss-aus-Baernbach-Ausschnitt-2-200x137.png 200w, https:\/\/www.steirische-harmonika-noten.at\/griffschrift-online-shop\/wp-content\/uploads\/2020\/03\/Gruss-aus-Baernbach-Ausschnitt-2-1024x699.png 1024w, https:\/\/www.steirische-harmonika-noten.at\/griffschrift-online-shop\/wp-content\/uploads\/2020\/03\/Gruss-aus-Baernbach-Ausschnitt-2-768x524.png 768w, https:\/\/www.steirische-harmonika-noten.at\/griffschrift-online-shop\/wp-content\/uploads\/2020\/03\/Gruss-aus-Baernbach-Ausschnitt-2-1536x1048.png 1536w, https:\/\/www.steirische-harmonika-noten.at\/griffschrift-online-shop\/wp-content\/uploads\/2020\/03\/Gruss-aus-Baernbach-Ausschnitt-2.png 2048w\" sizes=\"auto, (max-width: 300px) 100vw, 300px\" \/><\/a><figcaption id=\"caption-attachment-742\" class=\"wp-caption-text\">Klicke auf das Bild, um es zu vergr\u00f6ssern<\/figcaption><\/figure>\n","protected":false},"excerpt":{"rendered":"<p>07003NN1 Gru\u00df aus B\u00e4rnbach (Walzer) 2 Harmonikas &#8211; 4 Seiten &#8211; Ohne Text (3+4R) 1.Stimme: Jetzt anh\u00f6ren: &gt;&gt;&gt;KLICK&gt;&gt;&gt; Gru\u00df aus B\u00e4rnbach &nbsp; &nbsp; &nbsp; &nbsp; &nbsp; &nbsp; 2.Stimme: Jetzt anh\u00f6ren: &gt;&gt;&gt;KLICK&gt;&gt;&gt; Gru\u00df aus B\u00e4rnbach<\/p>\n","protected":false},"featured_media":0,"comment_status":"closed","ping_status":"closed","template":"","meta":[],"product_brand":[],"product_cat":[108],"product_tag":[297],"class_list":{"0":"post-740","1":"product","2":"type-product","3":"status-publish","5":"product_cat-noten-fuer-2-steirische","6":"product_tag-gruss-aus-baernbach-walzer-2-harmonikas","8":"first","9":"instock","10":"downloadable","11":"virtual","12":"sold-individually","13":"purchasable","14":"product-type-simple"},"aioseo_notices":[],"_links":{"self":[{"href":"https:\/\/www.steirische-harmonika-noten.at\/griffschrift-online-shop\/wp-json\/wp\/v2\/product\/740","targetHints":{"allow":["GET"]}}],"collection":[{"href":"https:\/\/www.steirische-harmonika-noten.at\/griffschrift-online-shop\/wp-json\/wp\/v2\/product"}],"about":[{"href":"https:\/\/www.steirische-harmonika-noten.at\/griffschrift-online-shop\/wp-json\/wp\/v2\/types\/product"}],"replies":[{"embeddable":true,"href":"https:\/\/www.steirische-harmonika-noten.at\/griffschrift-online-shop\/wp-json\/wp\/v2\/comments?post=740"}],"wp:attachment":[{"href":"https:\/\/www.steirische-harmonika-noten.at\/griffschrift-online-shop\/wp-json\/wp\/v2\/media?parent=740"}],"wp:term":[{"taxonomy":"product_brand","embeddable":true,"href":"https:\/\/www.steirische-harmonika-noten.at\/griffschrift-online-shop\/wp-json\/wp\/v2\/product_brand?post=740"},{"taxonomy":"product_cat","embeddable":true,"href":"https:\/\/www.steirische-harmonika-noten.at\/griffschrift-online-shop\/wp-json\/wp\/v2\/product_cat?post=740"},{"taxonomy":"product_tag","embeddable":true,"href":"https:\/\/www.steirische-harmonika-noten.at\/griffschrift-online-shop\/wp-json\/wp\/v2\/product_tag?post=740"}],"curies":[{"name":"wp","href":"https:\/\/api.w.org\/{rel}","templated":true}]}}