{"id":710,"date":"2020-03-23T09:15:16","date_gmt":"2020-03-23T08:15:16","guid":{"rendered":"https:\/\/www.steirische-harmonika-noten.at\/griffschrift-online-shop\/?post_type=product&#038;p=710"},"modified":"2021-08-04T05:39:48","modified_gmt":"2021-08-04T03:39:48","slug":"frueher-als-wir-babies-waren-walzer","status":"publish","type":"product","link":"https:\/\/www.steirische-harmonika-noten.at\/griffschrift-online-shop\/produkt\/frueher-als-wir-babies-waren-walzer\/","title":{"rendered":"Fr\u00fcher als wir Babies waren (Walzer)"},"content":{"rendered":"<p>06001NN Fr\u00fcher als wir Babies waren (Walzer) &#8211; 1 Seite &#8211; Inkl. Text (3+4R)<\/p>\n<p><strong><span style=\"color: #0000ff;\">Jetzt anh\u00f6ren: &gt;&gt;&gt;KLICK&gt;&gt;&gt;<\/span> <span style=\"color: #ff0000;\"><a href=\"https:\/\/www.steirische-harmonika-noten.at\/griffschrift-shop\/mp3.songs\/06001NN - Frueher als wir Babies waren - 1 Seite - Inkl Text.mp3\" target=\"_blank\" rel=\"noopener noreferrer\">Fr\u00fcher als wir Babies waren<\/a><\/span><\/strong><\/p>\n<figure id=\"attachment_711\" aria-describedby=\"caption-attachment-711\" style=\"width: 300px\" class=\"wp-caption alignleft\"><a href=\"https:\/\/www.steirische-harmonika-noten.at\/griffschrift-online-shop\/wp-content\/uploads\/2020\/03\/Frueher-als-wir-Babies-waren-Ausschnitt.png\" target=\"_blank\" rel=\"noopener noreferrer\"><img loading=\"lazy\" decoding=\"async\" class=\"wp-image-711 size-medium\" src=\"https:\/\/www.steirische-harmonika-noten.at\/griffschrift-online-shop\/wp-content\/uploads\/2020\/03\/Frueher-als-wir-Babies-waren-Ausschnitt-300x203.png\" alt=\"\" width=\"300\" height=\"203\" srcset=\"https:\/\/www.steirische-harmonika-noten.at\/griffschrift-online-shop\/wp-content\/uploads\/2020\/03\/Frueher-als-wir-Babies-waren-Ausschnitt-300x203.png 300w, https:\/\/www.steirische-harmonika-noten.at\/griffschrift-online-shop\/wp-content\/uploads\/2020\/03\/Frueher-als-wir-Babies-waren-Ausschnitt-200x135.png 200w, https:\/\/www.steirische-harmonika-noten.at\/griffschrift-online-shop\/wp-content\/uploads\/2020\/03\/Frueher-als-wir-Babies-waren-Ausschnitt-1024x692.png 1024w, https:\/\/www.steirische-harmonika-noten.at\/griffschrift-online-shop\/wp-content\/uploads\/2020\/03\/Frueher-als-wir-Babies-waren-Ausschnitt-768x519.png 768w, https:\/\/www.steirische-harmonika-noten.at\/griffschrift-online-shop\/wp-content\/uploads\/2020\/03\/Frueher-als-wir-Babies-waren-Ausschnitt-1536x1038.png 1536w, https:\/\/www.steirische-harmonika-noten.at\/griffschrift-online-shop\/wp-content\/uploads\/2020\/03\/Frueher-als-wir-Babies-waren-Ausschnitt.png 2048w\" sizes=\"auto, (max-width: 300px) 100vw, 300px\" \/><\/a><figcaption id=\"caption-attachment-711\" class=\"wp-caption-text\">Klicke auf das Bild, um es zu vergr\u00f6ssern<\/figcaption><\/figure>\n","protected":false},"excerpt":{"rendered":"<p>06001NN Fr\u00fcher als wir Babies waren (Walzer) &#8211; 1 Seite &#8211; Inkl. Text (3+4R) Jetzt anh\u00f6ren: &gt;&gt;&gt;KLICK&gt;&gt;&gt; Fr\u00fcher als wir Babies waren<\/p>\n","protected":false},"featured_media":0,"comment_status":"closed","ping_status":"closed","template":"","meta":[],"product_brand":[],"product_cat":[34,170],"product_tag":[291],"class_list":{"0":"post-710","1":"product","2":"type-product","3":"status-publish","5":"product_cat-alle-noten","6":"product_cat-notenblaetter-f-noten-a-z-mit-midifiles","7":"product_tag-frueher-als-wir-babies-waren-walzer","9":"first","10":"instock","11":"downloadable","12":"virtual","13":"sold-individually","14":"purchasable","15":"product-type-simple"},"aioseo_notices":[],"_links":{"self":[{"href":"https:\/\/www.steirische-harmonika-noten.at\/griffschrift-online-shop\/wp-json\/wp\/v2\/product\/710","targetHints":{"allow":["GET"]}}],"collection":[{"href":"https:\/\/www.steirische-harmonika-noten.at\/griffschrift-online-shop\/wp-json\/wp\/v2\/product"}],"about":[{"href":"https:\/\/www.steirische-harmonika-noten.at\/griffschrift-online-shop\/wp-json\/wp\/v2\/types\/product"}],"replies":[{"embeddable":true,"href":"https:\/\/www.steirische-harmonika-noten.at\/griffschrift-online-shop\/wp-json\/wp\/v2\/comments?post=710"}],"wp:attachment":[{"href":"https:\/\/www.steirische-harmonika-noten.at\/griffschrift-online-shop\/wp-json\/wp\/v2\/media?parent=710"}],"wp:term":[{"taxonomy":"product_brand","embeddable":true,"href":"https:\/\/www.steirische-harmonika-noten.at\/griffschrift-online-shop\/wp-json\/wp\/v2\/product_brand?post=710"},{"taxonomy":"product_cat","embeddable":true,"href":"https:\/\/www.steirische-harmonika-noten.at\/griffschrift-online-shop\/wp-json\/wp\/v2\/product_cat?post=710"},{"taxonomy":"product_tag","embeddable":true,"href":"https:\/\/www.steirische-harmonika-noten.at\/griffschrift-online-shop\/wp-json\/wp\/v2\/product_tag?post=710"}],"curies":[{"name":"wp","href":"https:\/\/api.w.org\/{rel}","templated":true}]}}