{"id":706,"date":"2020-03-23T08:47:17","date_gmt":"2020-03-23T07:47:17","guid":{"rendered":"https:\/\/www.steirische-harmonika-noten.at\/griffschrift-online-shop\/?post_type=product&#038;p=706"},"modified":"2026-04-06T23:23:00","modified_gmt":"2026-04-06T21:23:00","slug":"eine-herde-weisser-schafe-walzer","status":"publish","type":"product","link":"https:\/\/www.steirische-harmonika-noten.at\/griffschrift-online-shop\/produkt\/eine-herde-weisser-schafe-walzer\/","title":{"rendered":"Eine Herde wei\u00dfer Schafe (Walzer)"},"content":{"rendered":"<p>05003NN Eine Herde wei\u00dfer Schafe (Walzer) &#8211; 2 Seiten &#8211; Inkl. Text (3+4R)<\/p>\n<p><strong><span style=\"color: #0000ff;\">Jetzt anh\u00f6ren: &gt;&gt;&gt;KLICK&gt;&gt;&gt;<\/span> <span style=\"color: #ff0000;\"><a href=\"https:\/\/www.steirische-harmonika-noten.at\/griffschrift-shop\/mp3.songs\/05003NN Eine Herde weisser Schafe (Walzer) 2 Seiten Inkl.Text.mp3\" target=\"_blank\" rel=\"noopener noreferrer\">Eine Herde wei\u00dfer Schafe<\/a><\/span><\/strong><\/p>\n<figure id=\"attachment_707\" aria-describedby=\"caption-attachment-707\" style=\"width: 300px\" class=\"wp-caption alignleft\"><a href=\"https:\/\/www.steirische-harmonika-noten.at\/griffschrift-online-shop\/wp-content\/uploads\/2020\/03\/Eine-Herde-weisser-Schafe-Ausschnitt.png\" target=\"_blank\" rel=\"noopener noreferrer\"><img loading=\"lazy\" decoding=\"async\" class=\"wp-image-707 size-medium\" src=\"https:\/\/www.steirische-harmonika-noten.at\/griffschrift-online-shop\/wp-content\/uploads\/2020\/03\/Eine-Herde-weisser-Schafe-Ausschnitt-300x218.png\" alt=\"\" width=\"300\" height=\"218\" srcset=\"https:\/\/www.steirische-harmonika-noten.at\/griffschrift-online-shop\/wp-content\/uploads\/2020\/03\/Eine-Herde-weisser-Schafe-Ausschnitt-300x218.png 300w, https:\/\/www.steirische-harmonika-noten.at\/griffschrift-online-shop\/wp-content\/uploads\/2020\/03\/Eine-Herde-weisser-Schafe-Ausschnitt-200x145.png 200w, https:\/\/www.steirische-harmonika-noten.at\/griffschrift-online-shop\/wp-content\/uploads\/2020\/03\/Eine-Herde-weisser-Schafe-Ausschnitt-1024x743.png 1024w, https:\/\/www.steirische-harmonika-noten.at\/griffschrift-online-shop\/wp-content\/uploads\/2020\/03\/Eine-Herde-weisser-Schafe-Ausschnitt-768x557.png 768w, https:\/\/www.steirische-harmonika-noten.at\/griffschrift-online-shop\/wp-content\/uploads\/2020\/03\/Eine-Herde-weisser-Schafe-Ausschnitt-1536x1114.png 1536w, https:\/\/www.steirische-harmonika-noten.at\/griffschrift-online-shop\/wp-content\/uploads\/2020\/03\/Eine-Herde-weisser-Schafe-Ausschnitt.png 2048w\" sizes=\"auto, (max-width: 300px) 100vw, 300px\" \/><\/a><figcaption id=\"caption-attachment-707\" class=\"wp-caption-text\">Klicke auf das Bild, um es zu vergr\u00f6ssern<\/figcaption><\/figure>\n","protected":false},"excerpt":{"rendered":"<p>05003NN Eine Herde wei\u00dfer Schafe (Walzer) &#8211; 2 Seiten &#8211; Inkl. Text (3+4R) Jetzt anh\u00f6ren: &gt;&gt;&gt;KLICK&gt;&gt;&gt; Eine Herde wei\u00dfer Schafe<\/p>\n","protected":false},"featured_media":0,"comment_status":"closed","ping_status":"closed","template":"","meta":[],"product_brand":[],"product_cat":[34,169],"product_tag":[289],"class_list":{"0":"post-706","1":"product","2":"type-product","3":"status-publish","5":"product_cat-alle-noten","6":"product_cat-notenblaetter-e-noten-a-z-mit-midifiles","7":"product_tag-eine-herde-weisser-schafe-walzer","9":"first","10":"instock","11":"downloadable","12":"virtual","13":"sold-individually","14":"purchasable","15":"product-type-simple"},"aioseo_notices":[],"_links":{"self":[{"href":"https:\/\/www.steirische-harmonika-noten.at\/griffschrift-online-shop\/wp-json\/wp\/v2\/product\/706","targetHints":{"allow":["GET"]}}],"collection":[{"href":"https:\/\/www.steirische-harmonika-noten.at\/griffschrift-online-shop\/wp-json\/wp\/v2\/product"}],"about":[{"href":"https:\/\/www.steirische-harmonika-noten.at\/griffschrift-online-shop\/wp-json\/wp\/v2\/types\/product"}],"replies":[{"embeddable":true,"href":"https:\/\/www.steirische-harmonika-noten.at\/griffschrift-online-shop\/wp-json\/wp\/v2\/comments?post=706"}],"wp:attachment":[{"href":"https:\/\/www.steirische-harmonika-noten.at\/griffschrift-online-shop\/wp-json\/wp\/v2\/media?parent=706"}],"wp:term":[{"taxonomy":"product_brand","embeddable":true,"href":"https:\/\/www.steirische-harmonika-noten.at\/griffschrift-online-shop\/wp-json\/wp\/v2\/product_brand?post=706"},{"taxonomy":"product_cat","embeddable":true,"href":"https:\/\/www.steirische-harmonika-noten.at\/griffschrift-online-shop\/wp-json\/wp\/v2\/product_cat?post=706"},{"taxonomy":"product_tag","embeddable":true,"href":"https:\/\/www.steirische-harmonika-noten.at\/griffschrift-online-shop\/wp-json\/wp\/v2\/product_tag?post=706"}],"curies":[{"name":"wp","href":"https:\/\/api.w.org\/{rel}","templated":true}]}}