{"id":5922,"date":"2021-01-12T10:37:19","date_gmt":"2021-01-12T09:37:19","guid":{"rendered":"https:\/\/www.steirische-harmonika-noten.at\/griffschrift-online-shop\/?post_type=product&#038;p=5922"},"modified":"2022-10-02T18:02:38","modified_gmt":"2022-10-02T16:02:38","slug":"5922","status":"publish","type":"product","link":"https:\/\/www.steirische-harmonika-noten.at\/griffschrift-online-shop\/produkt\/5922\/","title":{"rendered":"Ach k\u00f6nnt man doch ein Rembrandt sein (Lied)"},"content":{"rendered":"<p>01012NN Ach k\u00f6nnt man doch ein Rembrandt sein (Lied) &#8211;<br \/>\n2 Seiten &#8211; Inkl. Text (4R)<\/p>\n<p><strong><span style=\"color: #0000ff;\">Jetzt anh\u00f6ren: &gt;&gt;&gt;KLICK&gt;&gt;&gt;<\/span> <span style=\"color: #ff0000;\"><a href=\"https:\/\/www.steirische-harmonika-noten.at\/griffschrift-shop\/mp3.songs\/01012NN Ach k\u00f6nnt man doch ein Rembrandt sein (Lied) - 2 Seiten - Inkl. Text (4R).mp3\" target=\"_blank\" rel=\"noopener\">Ach k\u00f6nnt man doch ein Rembrandt sein<\/a><\/span><\/strong><\/p>\n<figure id=\"attachment_5923\" aria-describedby=\"caption-attachment-5923\" style=\"width: 300px\" class=\"wp-caption alignleft\"><a href=\"https:\/\/www.steirische-harmonika-noten.at\/griffschrift-online-shop\/wp-content\/uploads\/2021\/01\/Ach-koennt-man-doch-ein-Rembrandt-sein-Ausschnitt-2.png\" target=\"_blank\" rel=\"noopener\"><img loading=\"lazy\" decoding=\"async\" class=\"wp-image-5923 size-medium\" src=\"https:\/\/www.steirische-harmonika-noten.at\/griffschrift-online-shop\/wp-content\/uploads\/2021\/01\/Ach-koennt-man-doch-ein-Rembrandt-sein-Ausschnitt-2-300x244.png\" alt=\"Ach k\u00f6nnt man doch ein Rembrandt sein\" width=\"300\" height=\"244\" srcset=\"https:\/\/www.steirische-harmonika-noten.at\/griffschrift-online-shop\/wp-content\/uploads\/2021\/01\/Ach-koennt-man-doch-ein-Rembrandt-sein-Ausschnitt-2-300x244.png 300w, https:\/\/www.steirische-harmonika-noten.at\/griffschrift-online-shop\/wp-content\/uploads\/2021\/01\/Ach-koennt-man-doch-ein-Rembrandt-sein-Ausschnitt-2-200x163.png 200w, https:\/\/www.steirische-harmonika-noten.at\/griffschrift-online-shop\/wp-content\/uploads\/2021\/01\/Ach-koennt-man-doch-ein-Rembrandt-sein-Ausschnitt-2-1024x834.png 1024w, https:\/\/www.steirische-harmonika-noten.at\/griffschrift-online-shop\/wp-content\/uploads\/2021\/01\/Ach-koennt-man-doch-ein-Rembrandt-sein-Ausschnitt-2-768x625.png 768w, https:\/\/www.steirische-harmonika-noten.at\/griffschrift-online-shop\/wp-content\/uploads\/2021\/01\/Ach-koennt-man-doch-ein-Rembrandt-sein-Ausschnitt-2-1536x1251.png 1536w, https:\/\/www.steirische-harmonika-noten.at\/griffschrift-online-shop\/wp-content\/uploads\/2021\/01\/Ach-koennt-man-doch-ein-Rembrandt-sein-Ausschnitt-2-2048x1668.png 2048w\" sizes=\"auto, (max-width: 300px) 100vw, 300px\" \/><\/a><figcaption id=\"caption-attachment-5923\" class=\"wp-caption-text\">Klicke auf das Bild, um es zu vergr\u00f6ssern<\/figcaption><\/figure>\n","protected":false},"excerpt":{"rendered":"<p>01012NN Ach k\u00f6nnt man doch ein Rembrandt sein (Lied) &#8211; 2 Seiten &#8211; Inkl. Text (4R) Jetzt anh\u00f6ren: &gt;&gt;&gt;KLICK&gt;&gt;&gt; Ach k\u00f6nnt man doch ein Rembrandt sein<\/p>\n","protected":false},"featured_media":0,"comment_status":"closed","ping_status":"closed","template":"","meta":[],"product_brand":[],"product_cat":[34,45],"product_tag":[1028],"class_list":{"0":"post-5922","1":"product","2":"type-product","3":"status-publish","5":"product_cat-alle-noten","6":"product_cat-notenblaetter-a-noten-a-z-mit-midifiles","7":"product_tag-ach-koennt-man-doch-ein-rembrandt-sein-lied","9":"first","10":"instock","11":"downloadable","12":"virtual","13":"sold-individually","14":"purchasable","15":"product-type-simple"},"aioseo_notices":[],"_links":{"self":[{"href":"https:\/\/www.steirische-harmonika-noten.at\/griffschrift-online-shop\/wp-json\/wp\/v2\/product\/5922","targetHints":{"allow":["GET"]}}],"collection":[{"href":"https:\/\/www.steirische-harmonika-noten.at\/griffschrift-online-shop\/wp-json\/wp\/v2\/product"}],"about":[{"href":"https:\/\/www.steirische-harmonika-noten.at\/griffschrift-online-shop\/wp-json\/wp\/v2\/types\/product"}],"replies":[{"embeddable":true,"href":"https:\/\/www.steirische-harmonika-noten.at\/griffschrift-online-shop\/wp-json\/wp\/v2\/comments?post=5922"}],"wp:attachment":[{"href":"https:\/\/www.steirische-harmonika-noten.at\/griffschrift-online-shop\/wp-json\/wp\/v2\/media?parent=5922"}],"wp:term":[{"taxonomy":"product_brand","embeddable":true,"href":"https:\/\/www.steirische-harmonika-noten.at\/griffschrift-online-shop\/wp-json\/wp\/v2\/product_brand?post=5922"},{"taxonomy":"product_cat","embeddable":true,"href":"https:\/\/www.steirische-harmonika-noten.at\/griffschrift-online-shop\/wp-json\/wp\/v2\/product_cat?post=5922"},{"taxonomy":"product_tag","embeddable":true,"href":"https:\/\/www.steirische-harmonika-noten.at\/griffschrift-online-shop\/wp-json\/wp\/v2\/product_tag?post=5922"}],"curies":[{"name":"wp","href":"https:\/\/api.w.org\/{rel}","templated":true}]}}