{"id":155,"date":"2020-03-14T07:40:25","date_gmt":"2020-03-14T06:40:25","guid":{"rendered":"https:\/\/www.steirische-harmonika-noten.at\/griffschrift-online-shop\/?post_type=product&#038;p=155"},"modified":"2026-01-11T18:55:40","modified_gmt":"2026-01-11T17:55:40","slug":"a-walzerl-fuerd-gerti","status":"publish","type":"product","link":"https:\/\/www.steirische-harmonika-noten.at\/griffschrift-online-shop\/produkt\/a-walzerl-fuerd-gerti\/","title":{"rendered":"A Walzerl f\u00fcr&#8217;d Gerti"},"content":{"rendered":"<p>0164 NL A Walzerl f\u00fcr&#8217;d Gerti (Walzer) &#8211; 2 Seiten &#8211; Ohne Text (3+4R)<\/p>\n<h3><strong><span style=\"font-size: 14px;\"><span style=\"color: #0000ff;\">Jetzt anh\u00f6ren: &gt;&gt;&gt;KLICK&gt;&gt;&gt;<\/span> <a href=\"https:\/\/www.steirische-harmonika-noten.at\/griffschrift-shop\/mp3.songs\/0164 NL A Walzerl fuerd Gerti - (Walzer) - 2 Seiten - Ohne Text.mp3\" target=\"_blank\" rel=\"noopener noreferrer\">A Walzerl f\u00fcr&#8217;d Gerti<\/a><\/span><\/strong><\/h3>\n<figure id=\"attachment_156\" aria-describedby=\"caption-attachment-156\" style=\"width: 300px\" class=\"wp-caption alignleft\"><a href=\"https:\/\/www.steirische-harmonika-noten.at\/griffschrift-online-shop\/wp-content\/uploads\/2020\/03\/A-Walzerl-fuerd-Gerti-Ausschnitt.png\" target=\"_blank\" rel=\"noopener noreferrer\"><img loading=\"lazy\" decoding=\"async\" class=\"wp-image-156 size-medium\" src=\"https:\/\/www.steirische-harmonika-noten.at\/griffschrift-online-shop\/wp-content\/uploads\/2020\/03\/A-Walzerl-fuerd-Gerti-Ausschnitt-300x221.png\" alt=\"\" width=\"300\" height=\"221\" srcset=\"https:\/\/www.steirische-harmonika-noten.at\/griffschrift-online-shop\/wp-content\/uploads\/2020\/03\/A-Walzerl-fuerd-Gerti-Ausschnitt-300x221.png 300w, https:\/\/www.steirische-harmonika-noten.at\/griffschrift-online-shop\/wp-content\/uploads\/2020\/03\/A-Walzerl-fuerd-Gerti-Ausschnitt-200x147.png 200w, https:\/\/www.steirische-harmonika-noten.at\/griffschrift-online-shop\/wp-content\/uploads\/2020\/03\/A-Walzerl-fuerd-Gerti-Ausschnitt-1024x753.png 1024w, https:\/\/www.steirische-harmonika-noten.at\/griffschrift-online-shop\/wp-content\/uploads\/2020\/03\/A-Walzerl-fuerd-Gerti-Ausschnitt-768x565.png 768w, https:\/\/www.steirische-harmonika-noten.at\/griffschrift-online-shop\/wp-content\/uploads\/2020\/03\/A-Walzerl-fuerd-Gerti-Ausschnitt-1536x1130.png 1536w, https:\/\/www.steirische-harmonika-noten.at\/griffschrift-online-shop\/wp-content\/uploads\/2020\/03\/A-Walzerl-fuerd-Gerti-Ausschnitt.png 2048w\" sizes=\"auto, (max-width: 300px) 100vw, 300px\" \/><\/a><figcaption id=\"caption-attachment-156\" class=\"wp-caption-text\">Klicke auf das Bild, um es zu vergr\u00f6ssern<\/figcaption><\/figure>\n","protected":false},"excerpt":{"rendered":"<p>0164 NL A Walzerl f\u00fcr&#8217;d Gerti (Walzer) &#8211; 2 Seiten &#8211; Ohne Text (3+4R) Jetzt anh\u00f6ren: &gt;&gt;&gt;KLICK&gt;&gt;&gt; A Walzerl f\u00fcr&#8217;d Gerti<\/p>\n","protected":false},"featured_media":0,"comment_status":"closed","ping_status":"closed","template":"","meta":[],"product_brand":[],"product_cat":[34,45],"product_tag":[57],"class_list":{"0":"post-155","1":"product","2":"type-product","3":"status-publish","5":"product_cat-alle-noten","6":"product_cat-notenblaetter-a-noten-a-z-mit-midifiles","7":"product_tag-a-walzerl-fuerd-gerti","9":"first","10":"instock","11":"downloadable","12":"virtual","13":"purchasable","14":"product-type-simple"},"aioseo_notices":[],"_links":{"self":[{"href":"https:\/\/www.steirische-harmonika-noten.at\/griffschrift-online-shop\/wp-json\/wp\/v2\/product\/155","targetHints":{"allow":["GET"]}}],"collection":[{"href":"https:\/\/www.steirische-harmonika-noten.at\/griffschrift-online-shop\/wp-json\/wp\/v2\/product"}],"about":[{"href":"https:\/\/www.steirische-harmonika-noten.at\/griffschrift-online-shop\/wp-json\/wp\/v2\/types\/product"}],"replies":[{"embeddable":true,"href":"https:\/\/www.steirische-harmonika-noten.at\/griffschrift-online-shop\/wp-json\/wp\/v2\/comments?post=155"}],"wp:attachment":[{"href":"https:\/\/www.steirische-harmonika-noten.at\/griffschrift-online-shop\/wp-json\/wp\/v2\/media?parent=155"}],"wp:term":[{"taxonomy":"product_brand","embeddable":true,"href":"https:\/\/www.steirische-harmonika-noten.at\/griffschrift-online-shop\/wp-json\/wp\/v2\/product_brand?post=155"},{"taxonomy":"product_cat","embeddable":true,"href":"https:\/\/www.steirische-harmonika-noten.at\/griffschrift-online-shop\/wp-json\/wp\/v2\/product_cat?post=155"},{"taxonomy":"product_tag","embeddable":true,"href":"https:\/\/www.steirische-harmonika-noten.at\/griffschrift-online-shop\/wp-json\/wp\/v2\/product_tag?post=155"}],"curies":[{"name":"wp","href":"https:\/\/api.w.org\/{rel}","templated":true}]}}