{"id":13542,"date":"2024-01-02T08:56:05","date_gmt":"2024-01-02T07:56:05","guid":{"rendered":"https:\/\/www.steirische-harmonika-noten.at\/griffschrift-online-shop\/?post_type=product&#038;p=13542"},"modified":"2026-01-11T18:55:39","modified_gmt":"2026-01-11T17:55:39","slug":"alter-schoener-boehmerwald","status":"publish","type":"product","link":"https:\/\/www.steirische-harmonika-noten.at\/griffschrift-online-shop\/produkt\/alter-schoener-boehmerwald\/","title":{"rendered":"Alter sch\u00f6ner B\u00f6hmerwald"},"content":{"rendered":"<p>01036NN Alter sch\u00f6ner B\u00f6hmerwald (Walzer) &#8211; 2 Seiten &#8211; Ohne Text (4R)<\/p>\n<p><span style=\"color: #0000ff;\"><strong>H\u00f6rprobe<\/strong><\/span><\/p>\n<p><audio preload=\"auto\" controls=\"controls\"><span style=\"display: inline-block; width: 0px; overflow: hidden; line-height: 0;\" data-mce-type=\"bookmark\" class=\"mce_SELRES_start\">\ufeff<\/span><source src=\"https:\/\/www.steirische-harmonika-noten.at\/griffschrift-shop\/mp3.songs\/01036NN Alter sch\u00f6ner B\u00f6hmerwald.mp3\" type=\"audio\/mpeg\" \/><span style=\"display: inline-block; width: 0px; overflow: hidden; line-height: 0;\" data-mce-type=\"bookmark\" class=\"mce_SELRES_end\">\ufeff<\/span><\/audio><\/p>\n<figure id=\"attachment_13543\" aria-describedby=\"caption-attachment-13543\" style=\"width: 300px\" class=\"wp-caption alignleft\"><a href=\"https:\/\/www.steirische-harmonika-noten.at\/griffschrift-online-shop\/wp-content\/uploads\/2024\/01\/Ausschnitt-Alter-schoener-Boehmerwald.png\" target=\"_blank\" rel=\"noopener\"><img loading=\"lazy\" decoding=\"async\" class=\"wp-image-13543 size-medium\" src=\"https:\/\/www.steirische-harmonika-noten.at\/griffschrift-online-shop\/wp-content\/uploads\/2024\/01\/Ausschnitt-Alter-schoener-Boehmerwald-300x265.png\" alt=\"Alter sch\u00f6ner B\u00f6hmerwald\" width=\"300\" height=\"265\" srcset=\"https:\/\/www.steirische-harmonika-noten.at\/griffschrift-online-shop\/wp-content\/uploads\/2024\/01\/Ausschnitt-Alter-schoener-Boehmerwald-300x265.png 300w, https:\/\/www.steirische-harmonika-noten.at\/griffschrift-online-shop\/wp-content\/uploads\/2024\/01\/Ausschnitt-Alter-schoener-Boehmerwald-1024x905.png 1024w, https:\/\/www.steirische-harmonika-noten.at\/griffschrift-online-shop\/wp-content\/uploads\/2024\/01\/Ausschnitt-Alter-schoener-Boehmerwald-768x679.png 768w, https:\/\/www.steirische-harmonika-noten.at\/griffschrift-online-shop\/wp-content\/uploads\/2024\/01\/Ausschnitt-Alter-schoener-Boehmerwald-1536x1358.png 1536w, https:\/\/www.steirische-harmonika-noten.at\/griffschrift-online-shop\/wp-content\/uploads\/2024\/01\/Ausschnitt-Alter-schoener-Boehmerwald-2048x1811.png 2048w, https:\/\/www.steirische-harmonika-noten.at\/griffschrift-online-shop\/wp-content\/uploads\/2024\/01\/Ausschnitt-Alter-schoener-Boehmerwald-200x177.png 200w\" sizes=\"auto, (max-width: 300px) 100vw, 300px\" \/><\/a><figcaption id=\"caption-attachment-13543\" class=\"wp-caption-text\">\u00a0Klicke auf das Bild, um es zu vergr\u00f6ssern<\/figcaption><\/figure>\n","protected":false},"excerpt":{"rendered":"<p>01036NN Alter sch\u00f6ner B\u00f6hmerwald (Walzer) &#8211; 2 Seiten &#8211; Ohne Text (4R) H\u00f6rprobe \ufeff\ufeff<\/p>\n","protected":false},"featured_media":0,"comment_status":"closed","ping_status":"closed","template":"","meta":[],"product_brand":[],"product_cat":[34,45],"product_tag":[1160],"class_list":{"0":"post-13542","1":"product","2":"type-product","3":"status-publish","5":"product_cat-alle-noten","6":"product_cat-notenblaetter-a-noten-a-z-mit-midifiles","7":"product_tag-alter-schoener-boehmerwald","9":"first","10":"instock","11":"downloadable","12":"virtual","13":"sold-individually","14":"purchasable","15":"product-type-simple"},"aioseo_notices":[],"_links":{"self":[{"href":"https:\/\/www.steirische-harmonika-noten.at\/griffschrift-online-shop\/wp-json\/wp\/v2\/product\/13542","targetHints":{"allow":["GET"]}}],"collection":[{"href":"https:\/\/www.steirische-harmonika-noten.at\/griffschrift-online-shop\/wp-json\/wp\/v2\/product"}],"about":[{"href":"https:\/\/www.steirische-harmonika-noten.at\/griffschrift-online-shop\/wp-json\/wp\/v2\/types\/product"}],"replies":[{"embeddable":true,"href":"https:\/\/www.steirische-harmonika-noten.at\/griffschrift-online-shop\/wp-json\/wp\/v2\/comments?post=13542"}],"wp:attachment":[{"href":"https:\/\/www.steirische-harmonika-noten.at\/griffschrift-online-shop\/wp-json\/wp\/v2\/media?parent=13542"}],"wp:term":[{"taxonomy":"product_brand","embeddable":true,"href":"https:\/\/www.steirische-harmonika-noten.at\/griffschrift-online-shop\/wp-json\/wp\/v2\/product_brand?post=13542"},{"taxonomy":"product_cat","embeddable":true,"href":"https:\/\/www.steirische-harmonika-noten.at\/griffschrift-online-shop\/wp-json\/wp\/v2\/product_cat?post=13542"},{"taxonomy":"product_tag","embeddable":true,"href":"https:\/\/www.steirische-harmonika-noten.at\/griffschrift-online-shop\/wp-json\/wp\/v2\/product_tag?post=13542"}],"curies":[{"name":"wp","href":"https:\/\/api.w.org\/{rel}","templated":true}]}}